{"id":16,"date":"2024-01-01T15:15:13","date_gmt":"2024-01-01T14:15:13","guid":{"rendered":"http:\/\/messagt.cluster029.hosting.ovh.net\/?page_id=16"},"modified":"2024-03-03T18:31:08","modified_gmt":"2024-03-03T17:31:08","slug":"qui-suis-je","status":"publish","type":"page","link":"https:\/\/lavoiedelalumiere.fr\/index.php\/qui-suis-je\/","title":{"rendered":"Qui suis-je?"},"content":{"rendered":"\n<p class=\"has-primary-color has-text-color has-link-color has-medium-font-size wp-elements-14899b919cfcd40f19be8ca08d40ba99\"><\/p>\n\n\n\n<div class=\"wp-block-columns is-layout-flex wp-container-core-columns-is-layout-28f84493 wp-block-columns-is-layout-flex\">\n<div class=\"wp-block-column is-layout-flow wp-block-column-is-layout-flow\" style=\"flex-basis:50%\">\n<p class=\"has-base-color has-primary-background-color has-text-color has-background has-link-color has-regular-font-size wp-elements-3b5792b61271ce70f390fa7d9e9686ea\">Bonjour \u00e0 toutes et \u00e0 tous, <br><br>Bienvenue sur mon site&nbsp;! <br><br>Je m&rsquo;appelle Natacha , je suis medium, canal. Depuis l&rsquo;enfance, j&rsquo;ai des dons de m\u00e9diumnit\u00e9 et j&rsquo;ai toujours cru qu&rsquo;il existait quelque chose \u00ab&nbsp;au-dessus&nbsp;\u00bb de nous. Dieu (ou la Source ou le Cr\u00e9ateur), les Anges, J\u00e9sus, Marie&#8230; j&rsquo;y ai toujours cru au fond de moi. Mes parents n&rsquo;\u00e9taient pas vraiment \u00ab&nbsp;croyants&nbsp;\u00bb encore moins pratiquants, mais moi je sentais qu&rsquo;une grande force existait, qui va bien au-del\u00e0 de notre entendement.<\/p>\n<\/div>\n\n\n\n<div class=\"wp-block-column is-layout-flow wp-block-column-is-layout-flow\" style=\"flex-basis:50%\">\n<figure class=\"wp-block-image size-full\"><img loading=\"lazy\" decoding=\"async\" width=\"612\" height=\"355\" src=\"https:\/\/lavoiedelalumiere.fr\/wp-content\/uploads\/2024\/03\/ange-violet.jpg\" alt=\"\" class=\"wp-image-139\" srcset=\"https:\/\/lavoiedelalumiere.fr\/wp-content\/uploads\/2024\/03\/ange-violet.jpg 612w, https:\/\/lavoiedelalumiere.fr\/wp-content\/uploads\/2024\/03\/ange-violet-300x174.jpg 300w\" sizes=\"auto, (max-width: 612px) 100vw, 612px\" \/><\/figure>\n<\/div>\n<\/div>\n\n\n\n<p class=\"has-base-color has-primary-background-color has-text-color has-background has-link-color has-regular-font-size wp-elements-78e78f51683c1c0590875b43aa8dbaaf\">Mais ma vision, mes croyances \u00e9taient tr\u00e8s restreintes. Je voyais surtout cela comme des \u00eatres loin de nous dans l&rsquo;espace et le temps. Je pensais que tout ce qui concernait le fils de Dieu avait pour presque seul but, de nous rendre attentif \u00e0 ne pas commettre de p\u00each\u00e9s, \u00e0 suivre une ligne droite pour esp\u00e9rer aller au \u00ab\u00a0paradis\u00a0\u00bb. <br>J&rsquo;ai fait beaucoup de pri\u00e8res pour leur demander de l&rsquo;aide dans des moments difficiles \u00e0 vivre. Je leur demandais souvent pardon en pensant que j&rsquo;avais d\u00fb dire ou faire quelque chose de \u00ab\u00a0mauvais\u00a0\u00bb pour m\u00e9riter de telles \u00e9preuves.<br>Puis petit \u00e0 petit, malgr\u00e9 mes dons, j&rsquo;ai compris qu&rsquo;il fallait s&rsquo;aider soi-m\u00eame avant d&rsquo;attendre une aide \u00ab\u00a0divine\u00a0\u00bb. J&rsquo;ai commenc\u00e9 \u00e0 aller vers des artisans de Lumi\u00e8re pour avoir des soins \u00e9nerg\u00e9tiques, des massages ayurv\u00e9diques. J&rsquo;ai lu \u00e9galement des ouvrages \u00ab\u00a0lumineux\u00a0\u00bb sur le fonctionnement de l&rsquo;univers et ses lois.<\/p>\n\n\n\n<div class=\"wp-block-columns is-layout-flex wp-container-core-columns-is-layout-28f84493 wp-block-columns-is-layout-flex\">\n<div class=\"wp-block-column is-layout-flow wp-block-column-is-layout-flow\" style=\"flex-basis:50%\">\n<p class=\"has-base-color has-primary-background-color has-text-color has-background has-link-color has-regular-font-size wp-elements-34bdccbbe9e197145d2c73d0a605527c\">J&rsquo;ai commenc\u00e9 \u00e0 acheter des min\u00e9raux pour leurs vertus. J&rsquo;ai travaill\u00e9 sur moi-m\u00eame et j&rsquo;y travaille encore tous les jours pour \u00eatre et rester une personne \u00ab&nbsp;lumineuse&nbsp;\u00bb, c&rsquo;est-\u00e0-dire qui apporte de la lumi\u00e8re. <strong>Au-del\u00e0 de toute religion, c&rsquo;est un cheminement int\u00e9rieur et spirituel.<\/strong> C&rsquo;est un travail de gu\u00e9rison au plus profond de soi. Il faut soigner ses blessures, s&rsquo;apporter \u00e0 soi-m\u00eame beaucoup d&rsquo;amour&#8230; travailler sur tous nos sch\u00e9mas qui n&rsquo;ont pas lieu d&rsquo;\u00eatre et chose tr\u00e8s importante, \u00e9couter son c\u0153ur, son instinct, plut\u00f4t que son mental. Avant de vouloir que les gens, le monde ou des situations autour de nous \u00ab&nbsp;changent&nbsp;\u00bb, c&rsquo;est \u00e0 chacun d&rsquo;entre nous de \u00ab&nbsp;travailler&nbsp;\u00bb sur soi, de changer dans certains cas, notre mani\u00e8re de voir les gens, le monde ou les situations. <\/p>\n<\/div>\n\n\n\n<div class=\"wp-block-column is-layout-flow wp-block-column-is-layout-flow\" style=\"flex-basis:50%\">\n<figure class=\"wp-block-image size-full\"><img loading=\"lazy\" decoding=\"async\" width=\"750\" height=\"430\" src=\"https:\/\/lavoiedelalumiere.fr\/wp-content\/uploads\/2024\/03\/ceremonie-damour-pour-votre-ame.webp\" alt=\"\" class=\"wp-image-140\" srcset=\"https:\/\/lavoiedelalumiere.fr\/wp-content\/uploads\/2024\/03\/ceremonie-damour-pour-votre-ame.webp 750w, https:\/\/lavoiedelalumiere.fr\/wp-content\/uploads\/2024\/03\/ceremonie-damour-pour-votre-ame-300x172.webp 300w\" sizes=\"auto, (max-width: 750px) 100vw, 750px\" \/><\/figure>\n<\/div>\n<\/div>\n\n\n\n<p class=\"has-base-color has-primary-background-color has-text-color has-background has-link-color has-regular-font-size wp-elements-171c478bfa918d22a8351532cfb913bd\">C&rsquo;est un travail quotidien que de s&rsquo;aimer, de se respecter, d&rsquo;\u00e9couter son c\u0153ur. D&rsquo;ailleurs notre c\u0153ur est uniquement amour, paix, bienveillance\u2026Ma mission consiste \u00e0 pr\u00e9sent, \u00e0 vous aider \u00e0 prendre de la hauteur sur les \u00e9v\u00e9nements \u00e0 venir, \u00e0 regarder tout cela d&rsquo;un point de vue positif, lumineux, \u00e9clair\u00e9.  <br>Depuis ces quelques derni\u00e8res ann\u00e9es, j&rsquo;ai pu observer comme une mise en sc\u00e8ne d&rsquo;\u00e9v\u00e9nements qui se sont encha\u00een\u00e9s sous mes yeux, certains collectifs qui ont eu un impact sur nous tous, d&rsquo;autres plus personnels. <br>Cette encha\u00eenement m&rsquo;est apparu comme un parcours durant lequel, \u00e0 chaque \u00e9tape, il y avait un choix \u00e0 faire, le genre de choix qui change votre vie profond\u00e9ment. Et je vous le dis, j&rsquo;ai suivi mon c\u0153ur, je l&rsquo;ai \u00e9cout\u00e9, m\u00eame quand mon mental tentait de me faire peur. J&rsquo;ai chang\u00e9, au fur et \u00e0 mesure, totalement de vie, telle une renaissance. <\/p>\n\n\n\n<div class=\"wp-block-columns is-layout-flex wp-container-core-columns-is-layout-28f84493 wp-block-columns-is-layout-flex\">\n<div class=\"wp-block-column is-layout-flow wp-block-column-is-layout-flow\" style=\"flex-basis:50%\">\n<p class=\"has-base-color has-primary-background-color has-text-color has-background has-link-color has-regular-font-size wp-elements-69c81ec1b4216ffcd76458536b003baf\">Et derri\u00e8re toutes ces circonstances, Dieu \u00e9tait l\u00e0, son plan pour moi apparaissait jour apr\u00e8s jour, de plus en plus. Mes dons depuis l&rsquo;enfance, ainsi que tout mon v\u00e9cu, prenaient un vrai sens, celui de me mettre au service de la Lumi\u00e8re. Cependant, j&rsquo;avais toutefois encore beaucoup de r\u00e9sistance en moi (peurs, sch\u00e9mas, croyances). Je vous avoue qu&rsquo;il y en a encore un peu aujourd&rsquo;hui malgr\u00e9 un gros travail personnel. Mais les \u00eatres de Lumi\u00e8re veillent \u00e0 ce que je me lib\u00e8re \u00e9tape par \u00e9tape en me mettant \u00e0 l&rsquo;\u00e9preuve r\u00e9guli\u00e8rement, avec amour et bienveillance. Pour faire de moi une coupe pr\u00eate \u00e0 \u00eatre remplie d&rsquo;Amour, de Lumi\u00e8re, de Connaissances, de V\u00e9rit\u00e9s, je dois faire le vide et me d\u00e9lester de tout l&rsquo;inutile, l&rsquo;encombrant, de tout ce qui peut faire barrage \u00e0 cela. <br><br>Pendant quelques temps, mon travail de Lumi\u00e8re a \u00e9t\u00e9 de vous transmettre des messages canalis\u00e9s de mani\u00e8re individuelle par des guidances ang\u00e9liques et \u00e9galement de mani\u00e8re collective par des messages c\u00e9lestes sur les temps \u00e0 venir. Puis, au bout d&rsquo;un certain temps, il m&rsquo;a \u00e9t\u00e9 demand\u00e9 de tout arr\u00eater pour transmettre des messages c\u00e9lestes par \u00e9crit, par des ouvrages canalis\u00e9s, \u00e0 ma grande surprise. Le premier a \u00e9t\u00e9 transmis par J\u00e9sus. Il a ouvert la voie de la Lumi\u00e8re&#8230; et \u00e0 pr\u00e9sent, je continue sur cette voie qui m&rsquo;est trac\u00e9e, avec beaucoup de joie et de gratitude. <\/p>\n<\/div>\n\n\n\n<div class=\"wp-block-column is-layout-flow wp-block-column-is-layout-flow\" style=\"flex-basis:50%\">\n<figure class=\"wp-block-image size-full is-resized\"><img loading=\"lazy\" decoding=\"async\" width=\"600\" height=\"600\" src=\"https:\/\/lavoiedelalumiere.fr\/wp-content\/uploads\/2024\/03\/terre-entouree-des-anges.jpeg\" alt=\"\" class=\"wp-image-145\" style=\"aspect-ratio:3\/4;object-fit:cover;width:486px;height:auto\" srcset=\"https:\/\/lavoiedelalumiere.fr\/wp-content\/uploads\/2024\/03\/terre-entouree-des-anges.jpeg 600w, https:\/\/lavoiedelalumiere.fr\/wp-content\/uploads\/2024\/03\/terre-entouree-des-anges-300x300.jpeg 300w, https:\/\/lavoiedelalumiere.fr\/wp-content\/uploads\/2024\/03\/terre-entouree-des-anges-150x150.jpeg 150w\" sizes=\"auto, (max-width: 600px) 100vw, 600px\" \/><\/figure>\n<\/div>\n<\/div>\n\n\n\n<p class=\"has-base-color has-primary-background-color has-text-color has-background has-link-color has-regular-font-size wp-elements-2437ed66e7909ab85f583e66bf41f895\">Puissent ces messages \u00eatre entendus par nos c\u0153urs&nbsp;! <\/p>\n\n\n\n<p class=\"has-base-color has-primary-background-color has-text-color has-background has-link-color has-regular-font-size wp-elements-ce0df22a731e693b23606916e33e2178\">Soyez b\u00e9nis.<\/p>\n","protected":false},"excerpt":{"rendered":"<p>Bonjour \u00e0 toutes et \u00e0 tous, Bienvenue sur mon site&nbsp;! Je m&rsquo;appelle Natacha , je suis medium, canal. Depuis l&rsquo;enfance, j&rsquo;ai des dons de m\u00e9diumnit\u00e9 et j&rsquo;ai toujours cru qu&rsquo;il existait quelque chose \u00ab&nbsp;au-dessus&nbsp;\u00bb de nous. Dieu (ou la Source ou le Cr\u00e9ateur), les Anges, J\u00e9sus, Marie&#8230; j&rsquo;y ai toujours cru au fond de moi. [&hellip;]<\/p>\n","protected":false},"author":1,"featured_media":143,"parent":0,"menu_order":0,"comment_status":"closed","ping_status":"closed","template":"","meta":{"footnotes":""},"class_list":["post-16","page","type-page","status-publish","has-post-thumbnail","hentry"],"_links":{"self":[{"href":"https:\/\/lavoiedelalumiere.fr\/index.php\/wp-json\/wp\/v2\/pages\/16","targetHints":{"allow":["GET"]}}],"collection":[{"href":"https:\/\/lavoiedelalumiere.fr\/index.php\/wp-json\/wp\/v2\/pages"}],"about":[{"href":"https:\/\/lavoiedelalumiere.fr\/index.php\/wp-json\/wp\/v2\/types\/page"}],"author":[{"embeddable":true,"href":"https:\/\/lavoiedelalumiere.fr\/index.php\/wp-json\/wp\/v2\/users\/1"}],"replies":[{"embeddable":true,"href":"https:\/\/lavoiedelalumiere.fr\/index.php\/wp-json\/wp\/v2\/comments?post=16"}],"version-history":[{"count":17,"href":"https:\/\/lavoiedelalumiere.fr\/index.php\/wp-json\/wp\/v2\/pages\/16\/revisions"}],"predecessor-version":[{"id":187,"href":"https:\/\/lavoiedelalumiere.fr\/index.php\/wp-json\/wp\/v2\/pages\/16\/revisions\/187"}],"wp:featuredmedia":[{"embeddable":true,"href":"https:\/\/lavoiedelalumiere.fr\/index.php\/wp-json\/wp\/v2\/media\/143"}],"wp:attachment":[{"href":"https:\/\/lavoiedelalumiere.fr\/index.php\/wp-json\/wp\/v2\/media?parent=16"}],"curies":[{"name":"wp","href":"https:\/\/api.w.org\/{rel}","templated":true}]}}