{"id":18,"date":"2024-01-01T15:15:42","date_gmt":"2024-01-01T14:15:42","guid":{"rendered":"http:\/\/messagt.cluster029.hosting.ovh.net\/?page_id=18"},"modified":"2024-03-03T18:51:45","modified_gmt":"2024-03-03T17:51:45","slug":"soutenir-mon-travail","status":"publish","type":"page","link":"https:\/\/lavoiedelalumiere.fr\/index.php\/soutenir-mon-travail\/","title":{"rendered":"Soutenir mon travail"},"content":{"rendered":"\n<p class=\"has-section-bg-color has-primary-background-color has-text-color has-background has-link-color wp-elements-308d502a03f119fc4b7cb9f2b7bc0e77\">Bonjour,<br><br>Je souhaite en quelques mots vous expliquer ce que signifie \u00ab\u00a0mon travail\u00a0\u00bb.<br>Je parle ici de mon travail de Lumi\u00e8re. Une de mes missions est de vous transmettre des messages de la part des \u00catres de Lumi\u00e8re mais pas seulement. <br>Je me suis engag\u00e9e pour la Lumi\u00e8re, \u00e0 l&rsquo;apporter sur Terre. Ceci comprend le fait de venir en aide aux enfants et aux autres r\u00e8gnes essentiellement.<br>C&rsquo;est pourquoi, gr\u00e2ce \u00e0 votre soutien, je peux financer l&rsquo;achat de v\u00eatements, de chaussures, de crayons, de livres, de jeux etc&#8230; pour les enfants, ainsi que des semences reproductives, des graines, du mat\u00e9riel de jardinage et bricolage \u00e0 l&rsquo;ancienne (manuel) ou encore du mat\u00e9riel n\u00e9cessaire \u00e0 l&rsquo;apiculture (abeilles) etc&#8230; <br>Tout cela est achet\u00e9 d&rsquo;occasion, dans la mesure du possible.<br>Donc, je vous remercie par avance de bien vouloir m&rsquo;aider aujourd&rsquo;hui \u00e0 accomplir mes missions de demain, toute participation est la bienvenue.<br>Avec toute ma gratitude, je vous souhaite de tout coeur une route lumineuse !<br><br>Bien \u00e0 vous,<br>Natacha<\/p>\n\n\n\n<div class=\"wp-block-buttons is-layout-flex wp-block-buttons-is-layout-flex\">\n<div class=\"wp-block-button\"><a class=\"wp-block-button__link has-primary-color has-base-background-color has-text-color has-background has-link-color wp-element-button\" href=\"https:\/\/www.paypal.com\/donate\/?hosted_button_id=2GSLHRGMWGZHJ\">Soutenir mon travail<\/a><\/div>\n<\/div>\n","protected":false},"excerpt":{"rendered":"<p>Bonjour, Je souhaite en quelques mots vous expliquer ce que signifie \u00ab\u00a0mon travail\u00a0\u00bb.Je parle ici de mon travail de Lumi\u00e8re. Une de mes missions est de vous transmettre des messages de la part des \u00catres de Lumi\u00e8re mais pas seulement. Je me suis engag\u00e9e pour la Lumi\u00e8re, \u00e0 l&rsquo;apporter sur Terre. Ceci comprend le fait [&hellip;]<\/p>\n","protected":false},"author":1,"featured_media":0,"parent":0,"menu_order":0,"comment_status":"closed","ping_status":"closed","template":"","meta":{"footnotes":""},"class_list":["post-18","page","type-page","status-publish","hentry"],"_links":{"self":[{"href":"https:\/\/lavoiedelalumiere.fr\/index.php\/wp-json\/wp\/v2\/pages\/18","targetHints":{"allow":["GET"]}}],"collection":[{"href":"https:\/\/lavoiedelalumiere.fr\/index.php\/wp-json\/wp\/v2\/pages"}],"about":[{"href":"https:\/\/lavoiedelalumiere.fr\/index.php\/wp-json\/wp\/v2\/types\/page"}],"author":[{"embeddable":true,"href":"https:\/\/lavoiedelalumiere.fr\/index.php\/wp-json\/wp\/v2\/users\/1"}],"replies":[{"embeddable":true,"href":"https:\/\/lavoiedelalumiere.fr\/index.php\/wp-json\/wp\/v2\/comments?post=18"}],"version-history":[{"count":4,"href":"https:\/\/lavoiedelalumiere.fr\/index.php\/wp-json\/wp\/v2\/pages\/18\/revisions"}],"predecessor-version":[{"id":193,"href":"https:\/\/lavoiedelalumiere.fr\/index.php\/wp-json\/wp\/v2\/pages\/18\/revisions\/193"}],"wp:attachment":[{"href":"https:\/\/lavoiedelalumiere.fr\/index.php\/wp-json\/wp\/v2\/media?parent=18"}],"curies":[{"name":"wp","href":"https:\/\/api.w.org\/{rel}","templated":true}]}}