{"id":20,"date":"2024-01-01T15:16:14","date_gmt":"2024-01-01T14:16:14","guid":{"rendered":"http:\/\/messagt.cluster029.hosting.ovh.net\/?page_id=20"},"modified":"2024-08-29T17:33:13","modified_gmt":"2024-08-29T15:33:13","slug":"commander-un-livre","status":"publish","type":"page","link":"https:\/\/lavoiedelalumiere.fr\/index.php\/commander-un-livre\/","title":{"rendered":"Commander un livre"},"content":{"rendered":"\n<p class=\"has-base-color has-primary-background-color has-text-color has-background has-link-color wp-elements-faffb1803866d33bbfa4532fc1f31999\">Bonjour, <br><br>vous pouvez commander les livres 2 ou 3 en r\u00e9glant par internet (Paypal \/ carte bancaire), un don minimum de 20 euros, en cliquant sur le lien ci-dessous. <br>Le livre command\u00e9 vous sera envoy\u00e9, apr\u00e8s r\u00e9ception de votre don, dans les plus brefs d\u00e9lais par mail, en version PDF.<br>Je vous remercie de bien vouloir v\u00e9rifier l&rsquo;adresse mail que vous indiquez afin d&rsquo;\u00e9viter toute erreur, ainsi que vos \u00ab\u00a0spams\u00a0\u00bb car il arrive que l&rsquo;envoi atterrisse dans les courriers ind\u00e9sirables.<br>Si vous d\u00e9sirez faire un don via un autre moyen de paiement (ch\u00e8que, virement, esp\u00e8ces), je vous remercie de bien vouloir me contacter par mail ou sms, gr\u00e2ce aux coordonn\u00e9es ci-dessous. <br><br>Avec toute ma gratitude ! <br>Natacha<\/p>\n\n\n\n<div class=\"wp-block-buttons is-content-justification-center is-layout-flex wp-container-core-buttons-is-layout-a89b3969 wp-block-buttons-is-layout-flex\">\n<div class=\"wp-block-button\"><a class=\"wp-block-button__link has-primary-color has-base-background-color has-text-color has-background has-link-color wp-element-button\" href=\"https:\/\/www.paypal.com\/donate\/?hosted_button_id=T9YRFF8YK54AU\">Commande en ligne Livre 2<\/a><\/div>\n<\/div>\n\n\n\n<div class=\"wp-block-buttons is-content-justification-center is-layout-flex wp-container-core-buttons-is-layout-a89b3969 wp-block-buttons-is-layout-flex\">\n<div class=\"wp-block-button\"><a class=\"wp-block-button__link has-primary-color has-base-background-color has-text-color has-background has-link-color wp-element-button\" href=\"https:\/\/www.paypal.com\/donate\/?hosted_button_id=2GUWQY9NKDH9A\">Commande en ligne Livre 3<\/a><\/div>\n<\/div>\n\n\n\n<p class=\"has-base-color has-primary-background-color has-text-color has-background has-link-color wp-elements-913915c741bc0a9e94c00b4f216403bf\">Mail: contact@lavoiedelalumiere.fr<br>SMS : +33 (0)782328132<\/p>\n","protected":false},"excerpt":{"rendered":"<p>Bonjour, vous pouvez commander les livres 2 ou 3 en r\u00e9glant par internet (Paypal \/ carte bancaire), un don minimum de 20 euros, en cliquant sur le lien ci-dessous. Le livre command\u00e9 vous sera envoy\u00e9, apr\u00e8s r\u00e9ception de votre don, dans les plus brefs d\u00e9lais par mail, en version PDF.Je vous remercie de bien vouloir [&hellip;]<\/p>\n","protected":false},"author":1,"featured_media":0,"parent":0,"menu_order":0,"comment_status":"closed","ping_status":"closed","template":"","meta":{"footnotes":""},"class_list":["post-20","page","type-page","status-publish","hentry"],"_links":{"self":[{"href":"https:\/\/lavoiedelalumiere.fr\/index.php\/wp-json\/wp\/v2\/pages\/20","targetHints":{"allow":["GET"]}}],"collection":[{"href":"https:\/\/lavoiedelalumiere.fr\/index.php\/wp-json\/wp\/v2\/pages"}],"about":[{"href":"https:\/\/lavoiedelalumiere.fr\/index.php\/wp-json\/wp\/v2\/types\/page"}],"author":[{"embeddable":true,"href":"https:\/\/lavoiedelalumiere.fr\/index.php\/wp-json\/wp\/v2\/users\/1"}],"replies":[{"embeddable":true,"href":"https:\/\/lavoiedelalumiere.fr\/index.php\/wp-json\/wp\/v2\/comments?post=20"}],"version-history":[{"count":11,"href":"https:\/\/lavoiedelalumiere.fr\/index.php\/wp-json\/wp\/v2\/pages\/20\/revisions"}],"predecessor-version":[{"id":214,"href":"https:\/\/lavoiedelalumiere.fr\/index.php\/wp-json\/wp\/v2\/pages\/20\/revisions\/214"}],"wp:attachment":[{"href":"https:\/\/lavoiedelalumiere.fr\/index.php\/wp-json\/wp\/v2\/media?parent=20"}],"curies":[{"name":"wp","href":"https:\/\/api.w.org\/{rel}","templated":true}]}}