{"id":206,"date":"2024-08-29T17:09:52","date_gmt":"2024-08-29T15:09:52","guid":{"rendered":"https:\/\/lavoiedelalumiere.fr\/?page_id=206"},"modified":"2024-08-29T17:15:49","modified_gmt":"2024-08-29T15:15:49","slug":"le-livre-3-les-principes-de-lalliance-nouvelle","status":"publish","type":"page","link":"https:\/\/lavoiedelalumiere.fr\/index.php\/le-livre-3-les-principes-de-lalliance-nouvelle\/","title":{"rendered":"LE LIVRE 3 \u00ab\u00a0LES PRINCIPES DE L&rsquo;ALLIANCE NOUVELLE\u00a0\u00bb"},"content":{"rendered":"\n<p>Bonjour \u00e0 vous mes tr\u00e8s chers fr\u00e8res et s\u0153urs de c\u0153ur,<\/p>\n\n\n\n<p>Je suis tr\u00e8s heureuse de pouvoir, \u00e0 pr\u00e9sent, vous partager ce dernier ouvrage de transmissions canalis\u00e9es.<\/p>\n\n\n\n<p>Les deux premiers ouvrages canalis\u00e9s \u00ab&nbsp;le Monde d&rsquo;Apr\u00e8s&nbsp;\u00bb et \u00ab&nbsp;Partages de lumi\u00e8re pour la Travers\u00e9e&nbsp;\u00bb ont \u00e9t\u00e9 transmis par des \u00eatres de lumi\u00e8re tr\u00e8s diverses.<\/p>\n\n\n\n<p>Cette fois-ci, c&rsquo;est le monde ang\u00e9lique, anges et archanges uniquement, qui nous transmet ces textes.<\/p>\n\n\n\n<p>Chaque ouvrage a eu pour but de nous pr\u00e9parer pour les Temps \u00e0 venir. Le premier, essentiellement transmis par J\u00e9sus, nous offre des v\u00e9rit\u00e9s et des r\u00e9ponses sur nos questionnements, tel que&nbsp;: pourquoi l&rsquo;humanit\u00e9 va-t-elle vivre les T\u00e9n\u00e8bres, comme cela nous est transmis&nbsp;?<\/p>\n\n\n\n<p>Le second ouvrage nous donne essentiellement des cl\u00e9s lumineuses afin de pouvoir traverser au mieux cette p\u00e9riode difficile pour nous tous et toutes.<\/p>\n\n\n\n<p>Ce dernier ouvrage canalis\u00e9 se nomme \u00ab&nbsp;Principes de l&rsquo;Alliance Nouvelle&nbsp;\u00bb.<\/p>\n\n\n\n<p>Cette transmission comprend 33 principes dict\u00e9s par le monde ang\u00e9lique, principes qui sont suivis d&rsquo;une explication, d&rsquo;un \u00e9clairage, afin de mieux les int\u00e9grer.<\/p>\n\n\n\n<p>Cela s&rsquo;apparente \u00e0 des lois, des commandements, \u00e0 respecter dans la p\u00e9riode qui suivra la fin de ce passage des T\u00e9n\u00e8bres.<\/p>\n\n\n\n<p>Ces principes seront notre base de vie quotidienne pour avancer lumineusement dans l&rsquo;Apr\u00e8s.<\/p>\n\n\n\n<p>Le but, en suivant ces principes, est indiqu\u00e9 dans le titre&nbsp;: cr\u00e9er une nouvelle Alliance avec Dieu et toutes les hi\u00e9rarchies c\u00e9lestes et prendre pleinement notre r\u00e9elle et juste place en ce monde, celle d&rsquo;\u00eatres Divins incarn\u00e9s.<\/p>\n\n\n\n<p>Dieu a d\u00e9j\u00e0 tendu la main aux Hommes par le pass\u00e9 sous forme d&rsquo;alliances et aujourd&rsquo;hui, par la transmission de ces principes , c&rsquo;est une Nouvelle Alliance qui nous est offerte. Ces principes, tel un trait\u00e9 pour nous et toutes les g\u00e9n\u00e9rations \u00e0 venir, nous aideront \u00e0 \u00eatre pr\u00eats et pr\u00eates \u00e0 construire le Nouveau Monde.<\/p>\n\n\n\n<p>Je vous invite \u00e0 prendre connaissance de ces principes avec tout le s\u00e9rieux qu&rsquo;exige cette lecture&#8230;<\/p>\n\n\n\n<p>Pour ma part, je vous remercie de tout c\u0153ur d&rsquo;avoir \u00e9t\u00e9 et d&rsquo;\u00eatre toujours pr\u00e9sents et pr\u00e9sentes pour accueillir ces transmissions canalis\u00e9es.<\/p>\n\n\n\n<p>Bien \u00e0 vous,<\/p>\n\n\n\n<p>Natacha<\/p>\n\n\n\n<div class=\"wp-block-buttons is-content-justification-center is-layout-flex wp-container-core-buttons-is-layout-a89b3969 wp-block-buttons-is-layout-flex\">\n<div class=\"wp-block-button\"><a class=\"wp-block-button__link has-primary-color has-base-background-color has-text-color has-background has-link-color wp-element-button\" href=\"https:\/\/lavoiedelalumiere.fr\/index.php\/commander-un-livre\/\">Commander le livre<\/a><\/div>\n<\/div>\n","protected":false},"excerpt":{"rendered":"<p>Bonjour \u00e0 vous mes tr\u00e8s chers fr\u00e8res et s\u0153urs de c\u0153ur, Je suis tr\u00e8s heureuse de pouvoir, \u00e0 pr\u00e9sent, vous partager ce dernier ouvrage de transmissions canalis\u00e9es. Les deux premiers ouvrages canalis\u00e9s \u00ab&nbsp;le Monde d&rsquo;Apr\u00e8s&nbsp;\u00bb et \u00ab&nbsp;Partages de lumi\u00e8re pour la Travers\u00e9e&nbsp;\u00bb ont \u00e9t\u00e9 transmis par des \u00eatres de lumi\u00e8re tr\u00e8s diverses. Cette fois-ci, c&rsquo;est [&hellip;]<\/p>\n","protected":false},"author":1,"featured_media":0,"parent":0,"menu_order":0,"comment_status":"closed","ping_status":"closed","template":"","meta":{"footnotes":""},"class_list":["post-206","page","type-page","status-publish","hentry"],"_links":{"self":[{"href":"https:\/\/lavoiedelalumiere.fr\/index.php\/wp-json\/wp\/v2\/pages\/206","targetHints":{"allow":["GET"]}}],"collection":[{"href":"https:\/\/lavoiedelalumiere.fr\/index.php\/wp-json\/wp\/v2\/pages"}],"about":[{"href":"https:\/\/lavoiedelalumiere.fr\/index.php\/wp-json\/wp\/v2\/types\/page"}],"author":[{"embeddable":true,"href":"https:\/\/lavoiedelalumiere.fr\/index.php\/wp-json\/wp\/v2\/users\/1"}],"replies":[{"embeddable":true,"href":"https:\/\/lavoiedelalumiere.fr\/index.php\/wp-json\/wp\/v2\/comments?post=206"}],"version-history":[{"count":3,"href":"https:\/\/lavoiedelalumiere.fr\/index.php\/wp-json\/wp\/v2\/pages\/206\/revisions"}],"predecessor-version":[{"id":211,"href":"https:\/\/lavoiedelalumiere.fr\/index.php\/wp-json\/wp\/v2\/pages\/206\/revisions\/211"}],"wp:attachment":[{"href":"https:\/\/lavoiedelalumiere.fr\/index.php\/wp-json\/wp\/v2\/media?parent=206"}],"curies":[{"name":"wp","href":"https:\/\/api.w.org\/{rel}","templated":true}]}}