{"id":22,"date":"2024-01-01T15:16:33","date_gmt":"2024-01-01T14:16:33","guid":{"rendered":"http:\/\/messagt.cluster029.hosting.ovh.net\/?page_id=22"},"modified":"2024-08-29T16:54:22","modified_gmt":"2024-08-29T14:54:22","slug":"le-livre-2-partages-de-lumiere-pour-la-traversee","status":"publish","type":"page","link":"https:\/\/lavoiedelalumiere.fr\/index.php\/le-livre-2-partages-de-lumiere-pour-la-traversee\/","title":{"rendered":"Le livre 2 \u00ab\u00a0Partages de Lumi\u00e8re pour la Travers\u00e9e\u00a0\u00bb"},"content":{"rendered":"\n<h1 class=\"wp-block-heading has-base-color has-primary-background-color has-text-color has-background has-link-color wp-elements-e81b0c37de8f08cf7fb46ef04e89e3dd\"><strong><em>Le livre 2 \u00ab\u00a0Partages de Lumi\u00e8re pour la Travers\u00e9e\u00a0\u00bb<\/em><\/strong><\/h1>\n\n\n\n<figure class=\"wp-block-image aligncenter size-large is-resized\"><img loading=\"lazy\" decoding=\"async\" width=\"1024\" height=\"576\" src=\"https:\/\/lavoiedelalumiere.fr\/wp-content\/uploads\/2024\/03\/blog_angels_to_heaven_1540-1024x576.jpg\" alt=\"\" class=\"wp-image-159\" style=\"width:567px;height:auto\" srcset=\"https:\/\/lavoiedelalumiere.fr\/wp-content\/uploads\/2024\/03\/blog_angels_to_heaven_1540-1024x576.jpg 1024w, https:\/\/lavoiedelalumiere.fr\/wp-content\/uploads\/2024\/03\/blog_angels_to_heaven_1540-300x169.jpg 300w, https:\/\/lavoiedelalumiere.fr\/wp-content\/uploads\/2024\/03\/blog_angels_to_heaven_1540-768x432.jpg 768w, https:\/\/lavoiedelalumiere.fr\/wp-content\/uploads\/2024\/03\/blog_angels_to_heaven_1540-1536x864.jpg 1536w, https:\/\/lavoiedelalumiere.fr\/wp-content\/uploads\/2024\/03\/blog_angels_to_heaven_1540.jpg 1540w\" sizes=\"auto, (max-width: 1024px) 100vw, 1024px\" \/><\/figure>\n\n\n\n<p class=\"has-base-color has-primary-background-color has-text-color has-background has-link-color wp-elements-e8314938d45e1df7cd57b99ca06d1cfc\">Apr\u00e8s le premier livre de messages canalis\u00e9s transmis essentiellement par J\u00e9sus, les \u00catres de Lumi\u00e8re m&rsquo;ont annonc\u00e9 qu&rsquo;un second livre de messages canalis\u00e9s allait \u00eatre transmis et cela m&rsquo;a mise en Joie.<br><br>Dans ce second ouvrage, de nombreux \u00catres de Lumi\u00e8re, tous diff\u00e9rents, sont venus les uns apr\u00e8s les autres nous partager des \u00e9l\u00e9ments pour nous aider dans cette Travers\u00e9e \u00e0 venir, une Travers\u00e9e des T\u00e9n\u00e8bres, comme ils le disent.<br><br>Certain(e)s nous transmettent des pri\u00e8res courtes mais id\u00e9ales dans certaines situations, non pas qu&rsquo;il n&rsquo;y ait pas suffisamment de pri\u00e8res disponibles et connues depuis bien longtemps, mais la formulation est toutefois propos\u00e9e de mani\u00e8re plus lumineuse et plus juste gr\u00e2ce \u00e0 un point de vue tr\u00e8s \u00e9lev\u00e9, qui est expliqu\u00e9.<br><br>D&rsquo;autres, nous am\u00e8nent sur des pistes d&rsquo;apprentissage, afin que nos connaissances et notre compr\u00e9hension \u00e9voluent encore davantage et que nous cherchions \u00e0 aller plus loin, plus haut. Des \u00e9l\u00e9ments de travail, de recherches, nous sont communiqu\u00e9s et c&rsquo;est \u00e0 nous de faire la d\u00e9marche, si ce n&rsquo;est d\u00e9j\u00e0 fait, d&rsquo;aller trouver ces \u00e9l\u00e9ments, ces enseignements et de les relier parfois entre eux.<br><br>Et pour finir, la diversit\u00e9 des \u00catres de Lumi\u00e8re qui sont venus \u00e0 nous dans cet ouvrage n&rsquo;est pas anodine. J&rsquo;ai la profonde conviction que nous sommes aussi pr\u00e9par\u00e9s \u00e0 travers cela \u00e0 ouvrir nos c\u0153urs et nos esprits \u00e0 une V\u00e9rit\u00e9 sur le Tout dont nous faisons partie. Le voile pos\u00e9 sur notre vision de ce qui nous entoure, de qui nous sommes et les secrets qui entourent notre Histoire, c&rsquo;est-\u00e0-dire l&rsquo;Histoire de l&rsquo;Humanit\u00e9, sont parfois \u00e9clair\u00e9s \u00e9galement dans cet ouvrage, par certains \u00catres de Lumi\u00e8re.<br><br>J&rsquo;ai \u00e9t\u00e9 moi-m\u00eame d\u00e9stabilis\u00e9e par l&rsquo;arriv\u00e9e de certains d&rsquo;entre eux, que j&rsquo;avouerai tr\u00e8s peu conna\u00eetre. Depuis leurs venues et leurs messages, j&rsquo;ai compris qu&rsquo;il \u00e9tait tant de travailler encore davantage sur mon ignorance. Non pas que je me juge n\u00e9gativement, mais j&rsquo;ai constat\u00e9 que cette ignorance devait \u00e0 pr\u00e9sent se transformer en Connaissances. Aujourd&rsquo;hui, il est grand temps pour moi, et pour vous demain si cet ouvrage vous parle en votre c\u0153ur, d&rsquo;aller plus loin ou plut\u00f4t plus haut afin de mieux cerner le monde qui nous entoure, dans le visible et l&rsquo;invisible, ainsi que dans toutes ses symboliques et leurs significations.<br><br>Je crois que si vous \u00eates pr\u00e9sents \u00e0 lire ceci c&rsquo;est qu&rsquo;en vos c\u0153urs vous savez que les Temps \u00e0 venir vont \u00eatre difficiles. Mais les \u00e9l\u00e9ments transmis et ceux encore \u00e0 d\u00e9couvrir, vont nous permettre, j&rsquo;en suis s\u00fbre, d&rsquo;\u00eatre bien \u00ab\u00a0\u00e9quip\u00e9s\u00a0\u00bb afin de traverser cela le plus en Paix possible. Nous sommes tellement entour\u00e9s, aim\u00e9s, soutenus. \u00c0 pr\u00e9sent, nous avons la possibilit\u00e9 de nous \u00e9lever encore davantage, car nous sommes pr\u00eats&nbsp;!<br><br>Soyez b\u00e9nis&#8230;<br><br>Natacha, une s\u0153ur de c\u0153ur<\/p>\n\n\n\n<div class=\"wp-block-buttons is-content-justification-center is-layout-flex wp-container-core-buttons-is-layout-a89b3969 wp-block-buttons-is-layout-flex\">\n<div class=\"wp-block-button\"><a class=\"wp-block-button__link has-primary-color has-base-background-color has-text-color has-background has-link-color wp-element-button\" href=\"https:\/\/lavoiedelalumiere.fr\/index.php\/commander-un-livre\/\">Commander le livre<\/a><\/div>\n<\/div>\n","protected":false},"excerpt":{"rendered":"<p>Le livre 2 \u00ab\u00a0Partages de Lumi\u00e8re pour la Travers\u00e9e\u00a0\u00bb Apr\u00e8s le premier livre de messages canalis\u00e9s transmis essentiellement par J\u00e9sus, les \u00catres de Lumi\u00e8re m&rsquo;ont annonc\u00e9 qu&rsquo;un second livre de messages canalis\u00e9s allait \u00eatre transmis et cela m&rsquo;a mise en Joie. Dans ce second ouvrage, de nombreux \u00catres de Lumi\u00e8re, tous diff\u00e9rents, sont venus les [&hellip;]<\/p>\n","protected":false},"author":1,"featured_media":0,"parent":0,"menu_order":0,"comment_status":"closed","ping_status":"closed","template":"","meta":{"footnotes":""},"class_list":["post-22","page","type-page","status-publish","hentry"],"_links":{"self":[{"href":"https:\/\/lavoiedelalumiere.fr\/index.php\/wp-json\/wp\/v2\/pages\/22","targetHints":{"allow":["GET"]}}],"collection":[{"href":"https:\/\/lavoiedelalumiere.fr\/index.php\/wp-json\/wp\/v2\/pages"}],"about":[{"href":"https:\/\/lavoiedelalumiere.fr\/index.php\/wp-json\/wp\/v2\/types\/page"}],"author":[{"embeddable":true,"href":"https:\/\/lavoiedelalumiere.fr\/index.php\/wp-json\/wp\/v2\/users\/1"}],"replies":[{"embeddable":true,"href":"https:\/\/lavoiedelalumiere.fr\/index.php\/wp-json\/wp\/v2\/comments?post=22"}],"version-history":[{"count":15,"href":"https:\/\/lavoiedelalumiere.fr\/index.php\/wp-json\/wp\/v2\/pages\/22\/revisions"}],"predecessor-version":[{"id":210,"href":"https:\/\/lavoiedelalumiere.fr\/index.php\/wp-json\/wp\/v2\/pages\/22\/revisions\/210"}],"wp:attachment":[{"href":"https:\/\/lavoiedelalumiere.fr\/index.php\/wp-json\/wp\/v2\/media?parent=22"}],"curies":[{"name":"wp","href":"https:\/\/api.w.org\/{rel}","templated":true}]}}